{"id":155,"date":"2019-03-18T09:36:35","date_gmt":"2019-03-18T06:36:35","guid":{"rendered":"https:\/\/promo-theme.com\/luxa\/?page_id=155"},"modified":"2026-03-18T07:57:09","modified_gmt":"2026-03-18T07:57:09","slug":"creative-studio","status":"publish","type":"page","link":"https:\/\/dieofenhalle.de\/","title":{"rendered":"Die Ofenhalle Stockach"},"content":{"rendered":"<div class=\"wpb-content-wrapper\"><p>[vc_row full_width=&#8221;stretch_row_content_no_spaces&#8221;][vc_column]    <section class=\"banner-area banner-area-5c908c536a3d6 bsl-right\">\n              <div class=\"mouse-button\"><\/div>\n              <div class=\"banner-social-links\">\n          <div class=\"social-links\"><a href=\"https:\/\/www.instagram.com\/die_ofenhalle_stockach\/\" target=_blank\"><span>in<\/span><span>Instagram<\/span><\/a><\/div>\n        <\/div>\n            <div class=\"banner-slider\">\n            <div class=\"banner-item banner-item-5c908c57275ab tal\" style=\"background-image: url(https:\/\/dieofenhalle.de\/wp-content\/uploads\/2026\/02\/die-ofenhalle-stockach-ofenspezialist-am-bodensee-header01-scaled.jpg);\">\n      \n    <div class=\"bg-overlay\">\n          <\/div>\n\n          <div class=\"container\">\n        <div class=\"row align-items-center full-height\" style=\"\">\n          <div class=\"col\">\n                          <div class=\"heading-block tal\">\n                                  <div class=\"sub-h\">Ihr Ofenspezialist am Bodensee<\/div>\n                                  <h2 class=\"h\">Kamin- und Ofenbau<br \/>\nPellet\u00f6fen und Kundendienst<br \/>\n<span>alles aus einer Hand<\/span><\/h2>\n                              <\/div>\n                      <\/div>\n        <\/div>\n      <\/div>\n    <\/div>\n          <\/div>\n              <div class=\"banner-navigation\">\n          <div class=\"container\">\n            <div class=\"wrap\">\n              <div class=\"arrows\"><\/div>\n              <div class=\"dots\"><\/div>\n            <\/div>\n          <\/div>\n        <\/div>\n          <\/section>\n\n    [\/vc_column][\/vc_row][vc_row uniqid=&#8221;698b5be5fc339&#8243;][vc_column width=&#8221;1\/2&#8243;]      <div class=\"heading-block heading-698b5aba75716 tal h-h2\">\n                  <div class=\"sub-h\">JETZT SONDERANGEBOTE SICHERN<\/div>\n                  <h2 class=\"h\">WINTER AKTION<\/h2>\n              <\/div>\n    [vc_column_text css=&#8221;&#8221;]Sonderaktion bis 31.03.2026<\/p>\n<p>10 &#8211; 15 % Rabatt auf Kamin- und Pellet\u00f6fen von Oranier[\/vc_column_text][\/vc_column][vc_column width=&#8221;1\/2&#8243;][vc_single_image image=&#8221;1063&#8243; img_size=&#8221;medium&#8221; onclick=&#8221;link_image&#8221; css=&#8221;&#8221;][\/vc_column][\/vc_row][vc_row uniqid=&#8221;6989e10651769&#8243;][vc_column]      <div class=\"heading-block heading-6989e932640c9 tac h-h2 vc_custom_1770647112935\">\n                  <div class=\"sub-h\">Top Qualit\u00e4t - Top Leistung<\/div>\n                  <h2 class=\"h\">Unsere Leistungen<\/h2>\n              <\/div>\n    [vc_empty_space height=&#8221;10px&#8221;][\/vc_column][\/vc_row][vc_row gap=&#8221;10&#8243; uniqid=&#8221;6989dcd5612f2&#8243;][vc_column width=&#8221;1\/3&#8243;][vc_single_image image=&#8221;949&#8243; img_size=&#8221;large&#8221; add_caption=&#8221;yes&#8221; css=&#8221;&#8221;]      <div class=\"heading-block heading-6989f8a7aa1c7 tac h-h3\">\n                  <div class=\"sub-h\">Top Marken<\/div>\n                  <h3 class=\"h\">Kamin\u00f6fen, Kamine, Pellet\u00f6fen<\/h3>\n              <\/div>\n    [\/vc_column][vc_column width=&#8221;1\/3&#8243;][vc_single_image image=&#8221;889&#8243; img_size=&#8221;large&#8221; alignment=&#8221;center&#8221; css=&#8221;&#8221;]      <div class=\"heading-block heading-6989f6143c277 tac h-h3\">\n                  <div class=\"sub-h\">Top Beratung<\/div>\n                  <h3 class=\"h\">Gro\u00dfe Ausstellung in Stockach<\/h3>\n              <\/div>\n    [\/vc_column][vc_column width=&#8221;1\/3&#8243;][vc_single_image image=&#8221;894&#8243; img_size=&#8221;large&#8221; alignment=&#8221;center&#8221; css=&#8221;&#8221;]      <div class=\"heading-block heading-6989f85d0490d tac h-h3\">\n                  <div class=\"sub-h\">Top Service<\/div>\n                  <h3 class=\"h\">Fachm\u00e4nnischer Kundendienst<\/h3>\n              <\/div>\n    [\/vc_column][\/vc_row][vc_row full_width=&#8221;stretch_row&#8221; css=&#8221;.vc_custom_1770646483039{background-color: #DD9933 !important;}&#8221; uniqid=&#8221;6989eb28d0dec&#8221;][vc_column]      <div class=\"heading-block heading- tac h-h2 vc_custom_1770646571180\">\n                  <div class=\"sub-h\">Zertifizierter H\u00e4ndler und Kundendienst<\/div>\n                  <h2 class=\"h\">Unsere Partner<\/h2>\n              <\/div>\n        <div class=\"brand-block brand-block-5c9229f8c78b9 vc_custom_1770650856781\">\n          <div class=\"brand-item brand-item-5c922955532db\">\n      <div class=\"content\">\n                  <a href=\"https:\/\/www.adurofire.de\" target=\"_blank\">\n                  <img decoding=\"async\" width=\"500\" height=\"300\" src=\"https:\/\/dieofenhalle.de\/wp-content\/uploads\/2026\/02\/Ofenhalle-Stockach-Partner-Aduro-1.png\" class=\"attachment-full size-full\" alt=\"Ofenhalle Stockach Partner Aduro weiss\" \/>          <img decoding=\"async\" width=\"500\" height=\"300\" src=\"https:\/\/dieofenhalle.de\/wp-content\/uploads\/2026\/02\/Ofenhalle-Stockach-Partner-Aduro-black-1.png\" class=\"attachment-full size-full\" alt=\"Ofenhalle Stockach Partner Aduro schwarz\" \/>                  <\/a>\n              <\/div>\n    <\/div>\n        <div class=\"brand-item brand-item-5c922980deaac\">\n      <div class=\"content\">\n                  <a href=\"https:\/\/www.contura.eu\" target=\"_blank\">\n                  <img decoding=\"async\" width=\"500\" height=\"300\" src=\"https:\/\/dieofenhalle.de\/wp-content\/uploads\/2026\/02\/Ofenhalle-Stockach-Partner-Contura-1.png\" class=\"attachment-full size-full\" alt=\"Ofenhalle Stockach Partner Contura weiss\" \/>          <img decoding=\"async\" width=\"500\" height=\"300\" src=\"https:\/\/dieofenhalle.de\/wp-content\/uploads\/2026\/02\/Ofenhalle-Stockach-Partner-Contura-black-1.png\" class=\"attachment-full size-full\" alt=\"Ofenhalle Stockach Partner Contura schwarz\" \/>                  <\/a>\n              <\/div>\n    <\/div>\n        <div class=\"brand-item brand-item-5c922992870eb\">\n      <div class=\"content\">\n                  <a href=\"https:\/\/www.hase.de\" target=\"_blank\">\n                  <img decoding=\"async\" width=\"500\" height=\"300\" src=\"https:\/\/dieofenhalle.de\/wp-content\/uploads\/2026\/02\/Ofenhalle-Stockach-Partner-Hase-1.png\" class=\"attachment-full size-full\" alt=\"Ofenhalle Stockach Partner Hase weiss\" \/>          <img decoding=\"async\" width=\"500\" height=\"300\" src=\"https:\/\/dieofenhalle.de\/wp-content\/uploads\/2026\/02\/Ofenhalle-Stockach-Partner-Hase-black-1.png\" class=\"attachment-full size-full\" alt=\"Ofenhalle Stockach Partner Hase schwarz\" \/>                  <\/a>\n              <\/div>\n    <\/div>\n        <div class=\"brand-item brand-item-5c9229a2e0359\">\n      <div class=\"content\">\n                  <a href=\"https:\/\/oranier.com\/\" target=\"_blank\">\n                  <img decoding=\"async\" width=\"500\" height=\"300\" src=\"https:\/\/dieofenhalle.de\/wp-content\/uploads\/2026\/02\/Ofenhalle-Stockach-Partner-Oranier-1.png\" class=\"attachment-full size-full\" alt=\"Ofenhalle Stockach Partner Oranier weiss\" \/>          <img decoding=\"async\" width=\"500\" height=\"300\" src=\"https:\/\/dieofenhalle.de\/wp-content\/uploads\/2026\/02\/Ofenhalle-Stockach-Partner-Oranier-black-1.png\" class=\"attachment-full size-full\" alt=\"Ofenhalle Stockach Partner Oranier schwarz\" \/>                  <\/a>\n              <\/div>\n    <\/div>\n        <\/div>\n    [\/vc_column][\/vc_row][vc_row full_width=&#8221;stretch_row&#8221; css=&#8221;.vc_custom_1770648026741{margin-top: 70px !important;border-top-width: 1px !important;border-bottom-width: 1px !important;padding-top: 20px !important;padding-bottom: 20px !important;background-color: rgba(0,0,0,0.2) !important;*background-color: rgb(0,0,0) !important;border-color: #444444 !important;}&#8221; uniqid=&#8221;6989f1ae017c6&#8243;][vc_column]      <div class=\"heading-block heading-6989f020443b4 tac h-h2 vc_custom_1770647645001\">\n                  <div class=\"sub-h\">Riesen-Auswahl an Kamin\u00f6fen, Pellet\u00f6fen und Zubeh\u00f6r<\/div>\n                  <h2 class=\"h\">Unsere Ausstellung<\/h2>\n              <\/div>\n    [vc_empty_space height=&#8221;10px&#8221;][\/vc_column][\/vc_row][vc_row full_width=&#8221;stretch_row&#8221; css=&#8221;.vc_custom_1770648079260{margin-top: 70px !important;border-top-width: 1px !important;border-bottom-width: 1px !important;padding-top: 20px !important;padding-bottom: 20px !important;background-color: rgba(0,0,0,0.2) !important;*background-color: rgb(0,0,0) !important;border-color: #444444 !important;}&#8221; uniqid=&#8221;6989f20180472&#8243;][vc_column width=&#8221;1\/2&#8243;][vc_column_text css=&#8221;&#8221;]<\/p>\n<h4>Besuchen Sie unsere gro\u00dfe Ausstellung in Stockach am Bodensee<\/h4>\n<h4><\/h4>\n<h4>Die Ofenhalle<\/h4>\n<p>Franz-Ziwey-Ring 18 Halle 210<br \/>\n78333 Stockach<\/p>\n<div class=\"elementor-element elementor-element-ea6ab07 elementor-widget elementor-widget-text-editor\" data-id=\"ea6ab07\" data-element_type=\"widget\" data-widget_type=\"text-editor.default\">\n<div class=\"elementor-widget-container\">\n<p>Tel.: +49 151 64087929<br \/>\nEmail: info@dieofenhalle.de<\/p>\n<h4>\u00d6ffnungszeiten<\/h4>\n<p>Termin nach Vereinbarung<\/p>\n<\/div>\n<\/div>\n<p>[\/vc_column_text][\/vc_column][vc_column width=&#8221;1\/2&#8243;][vc_single_image image=&#8221;897&#8243; img_size=&#8221;large&#8221; alignment=&#8221;center&#8221; css=&#8221;&#8221;][\/vc_column][\/vc_row][vc_row][vc_column]      <div class=\"heading-block heading-6989f24835c00 tac h-h2\">\n                  <div class=\"sub-h\">Ganz in Ihrer N\u00e4he<\/div>\n                  <h2 class=\"h\">Ihr Weg zu uns<\/h2>\n              <\/div>\n    [vc_goo_maps location=&#8221;Franz-Ziwey-Ring 18, 78333 Stockach&#8221; height=&#8221;400&#8243; zoom=&#8221;15&#8243; css=&#8221;&#8221;][\/vc_column][\/vc_row]<\/p>\n<\/div>","protected":false},"excerpt":{"rendered":"<p>[vc_row full_width=&#8221;stretch_row_content_no_spaces&#8221;][vc_column][\/vc_column][\/vc_row][vc_row uniqid=&#8221;698b5be5fc339&#8243;][vc_column width=&#8221;1\/2&#8243;][vc_column_text css=&#8221;&#8221;]Sonderaktion bis 31.03.2026 10 &#8211; 15 % Rabatt auf Kamin- und Pellet\u00f6fen von Oranier[\/vc_column_text][\/vc_column][vc_column width=&#8221;1\/2&#8243;][vc_single_image image=&#8221;1063&#8243; img_size=&#8221;medium&#8221; onclick=&#8221;link_image&#8221; css=&#8221;&#8221;][\/vc_column][\/vc_row][vc_row uniqid=&#8221;6989e10651769&#8243;][vc_column][vc_empty_space height=&#8221;10px&#8221;][\/vc_column][\/vc_row][vc_row gap=&#8221;10&#8243; uniqid=&#8221;6989dcd5612f2&#8243;][vc_column width=&#8221;1\/3&#8243;][vc_single_image image=&#8221;949&#8243; img_size=&#8221;large&#8221; add_caption=&#8221;yes&#8221; css=&#8221;&#8221;][\/vc_column][vc_column width=&#8221;1\/3&#8243;][vc_single_image image=&#8221;889&#8243; img_size=&#8221;large&#8221; alignment=&#8221;center&#8221; css=&#8221;&#8221;][\/vc_column][vc_column width=&#8221;1\/3&#8243;][vc_single_image image=&#8221;894&#8243; img_size=&#8221;large&#8221; alignment=&#8221;center&#8221; css=&#8221;&#8221;][\/vc_column][\/vc_row][vc_row full_width=&#8221;stretch_row&#8221; css=&#8221;.vc_custom_1770646483039{background-color: #DD9933 !important;}&#8221; uniqid=&#8221;6989eb28d0dec&#8221;][vc_column][\/vc_column][\/vc_row][vc_row full_width=&#8221;stretch_row&#8221; css=&#8221;.vc_custom_1770648026741{margin-top: 70px !important;border-top-width: 1px !important;border-bottom-width: 1px !important;padding-top: [&hellip;]<\/p>\n","protected":false},"author":1,"featured_media":0,"parent":0,"menu_order":0,"comment_status":"closed","ping_status":"closed","template":"template-landing.php","meta":{"_acf_changed":false,"footnotes":""},"class_list":["post-155","page","type-page","status-publish","hentry"],"acf":[],"aioseo_notices":[],"_links":{"self":[{"href":"https:\/\/dieofenhalle.de\/index.php?rest_route=\/wp\/v2\/pages\/155","targetHints":{"allow":["GET"]}}],"collection":[{"href":"https:\/\/dieofenhalle.de\/index.php?rest_route=\/wp\/v2\/pages"}],"about":[{"href":"https:\/\/dieofenhalle.de\/index.php?rest_route=\/wp\/v2\/types\/page"}],"author":[{"embeddable":true,"href":"https:\/\/dieofenhalle.de\/index.php?rest_route=\/wp\/v2\/users\/1"}],"replies":[{"embeddable":true,"href":"https:\/\/dieofenhalle.de\/index.php?rest_route=%2Fwp%2Fv2%2Fcomments&post=155"}],"version-history":[{"count":45,"href":"https:\/\/dieofenhalle.de\/index.php?rest_route=\/wp\/v2\/pages\/155\/revisions"}],"predecessor-version":[{"id":933,"href":"https:\/\/dieofenhalle.de\/index.php?rest_route=\/wp\/v2\/pages\/155\/revisions\/933"}],"wp:attachment":[{"href":"https:\/\/dieofenhalle.de\/index.php?rest_route=%2Fwp%2Fv2%2Fmedia&parent=155"}],"curies":[{"name":"wp","href":"https:\/\/api.w.org\/{rel}","templated":true}]}}